{"id":4009,"date":"2024-05-17T12:18:20","date_gmt":"2024-05-17T15:18:20","guid":{"rendered":"http:\/\/www.rd-themes.com\/TheFox\/?page_id=4009"},"modified":"2026-01-19T03:29:36","modified_gmt":"2026-01-19T06:29:36","slug":"contacto","status":"publish","type":"page","link":"https:\/\/laurasoleapoloni.tk\/en\/contacto\/","title":{"rendered":"Contacto"},"content":{"rendered":"<div class=\"wpb-content-wrapper\"><div class=\"vc_row wpb_row vc_row-fluid vc_custom_1768788431627 vc_row-o-content-middle full-width-section \">\n\t<div  class=\"vc_span12 vc_hidden-lg wpb_column vc_column_container \"><div class=\"vc_column-inner vc_custom_1768788313723\">\n\t\t<div class=\"wpb_wrapper\">\n\t\t\t<h2 style=\"font-size: 18px;color: #4c4c4c;text-align: center\" class=\"vc_custom_heading vc_custom_1768791125138\" >DEFINAMOS LA ARQUITECTURA DE TU PROYECTO<\/h2>\r\n\t<div  class=\"wpb_single_image wpb_content_element vc_align_center   vc_custom_1768791132308\">\r\n\t\t<div class=\"wpb_wrapper\">\r\n\t\t\t\r\n\t\t\t<div class=\"vc_single_image-wrapper   vc_box_border_grey\"><img decoding=\"async\" width=\"1177\" height=\"1310\" data-src=\"https:\/\/laurasoleapoloni.tk\/wp-content\/uploads\/2026\/01\/Lau_contacto_2.jpg\" class=\"vc_single_image-img attachment-full lazyload\" alt=\"\" title=\"\" data-srcset=\"https:\/\/laurasoleapoloni.tk\/wp-content\/uploads\/2026\/01\/Lau_contacto_2.jpg 1177w, https:\/\/laurasoleapoloni.tk\/wp-content\/uploads\/2026\/01\/Lau_contacto_2-270x300.jpg 270w, https:\/\/laurasoleapoloni.tk\/wp-content\/uploads\/2026\/01\/Lau_contacto_2-768x855.jpg 768w, https:\/\/laurasoleapoloni.tk\/wp-content\/uploads\/2026\/01\/Lau_contacto_2-11x12.jpg 11w\" data-sizes=\"(max-width: 1177px) 100vw, 1177px\" src=\"data:image\/gif;base64,R0lGODlhAQABAAAAACH5BAEKAAEALAAAAAABAAEAAAICTAEAOw==\" style=\"--smush-placeholder-width: 1177px; --smush-placeholder-aspect-ratio: 1177\/1310;\" \/><noscript><img decoding=\"async\" width=\"1177\" height=\"1310\" src=\"https:\/\/laurasoleapoloni.tk\/wp-content\/uploads\/2026\/01\/Lau_contacto_2.jpg\" class=\"vc_single_image-img attachment-full\" alt=\"\" title=\"\" srcset=\"https:\/\/laurasoleapoloni.tk\/wp-content\/uploads\/2026\/01\/Lau_contacto_2.jpg 1177w, https:\/\/laurasoleapoloni.tk\/wp-content\/uploads\/2026\/01\/Lau_contacto_2-270x300.jpg 270w, https:\/\/laurasoleapoloni.tk\/wp-content\/uploads\/2026\/01\/Lau_contacto_2-768x855.jpg 768w, https:\/\/laurasoleapoloni.tk\/wp-content\/uploads\/2026\/01\/Lau_contacto_2-11x12.jpg 11w\" sizes=\"(max-width: 1177px) 100vw, 1177px\" \/><\/noscript><\/div>\r\n\t\t<\/div>\r\n\t<\/div>\r\n<div class=\"vc_empty_space\"   style=\"height: 15px\"><span class=\"vc_empty_space_inner\"><\/span><\/div>\n\t<div class=\"wpb_text_column wpb_content_element   ct_kz10bfxl9bxs3flt67ut\" >\n\t\t<div class=\"wpb_wrapper\" >\n\t\t\t<p style=\"text-align: center;\">CONSTRUYAMOS LA BASE S\u00d3LIDA QUE TU PROYECTO NECESITA<\/p>\n\n\t\t<\/div> <style type=\"text\/css\" >.ct_kz10bfxl9bxs3flt67ut {font-size:14,2px;}<\/style>\n\t<\/div> <style type=\"text\/css\" >#rd_wfmwrg6m51rgm1r9gbul .wpcf7 input[type=submit]{font-size:15px; font-weight:900; border-radius:2px; padding:11px 15px; letter-spacing: 0.5px; margin-top:3px;}#rd_wfmwrg6m51rgm1r9gbul .wpcf7 input[type=submit]:hover {background:#2c3e50; color:#ffffff !important;}#rd_wfmwrg6m51rgm1r9gbul .wpcf7 textarea{height:165px;}#rd_wfmwrg6m51rgm1r9gbul .wpcf7 input:not([type=submit]):not([type=checkbox]),#rd_wfmwrg6m51rgm1r9gbul textarea,#rd_wfmwrg6m51rgm1r9gbul .wpcf7 select{border-radius:3px;}#rd_wfmwrg6m51rgm1r9gbul .wpcf7 input:not([type=submit]),#rd_wfmwrg6m51rgm1r9gbul textarea,#rd_wfmwrg6m51rgm1r9gbul .wpcf7 input[type=submit],#rd_wfmwrg6m51rgm1r9gbul .wpcf7 select{margin-top:3px;}#rd_wfmwrg6m51rgm1r9gbul p{margin-bottom:23px;}#rd_wfmwrg6m51rgm1r9gbul .wpcf7 input:not([type=submit]):not([type=checkbox]),#rd_wfmwrg6m51rgm1r9gbul .wpcf7  textarea,#rd_wfmwrg6m51rgm1r9gbul .wpcf7 select{border:1px solid #e8e6e6; background:#f4f6f7;}#rd_wfmwrg6m51rgm1r9gbul .wpcf7 input[type=submit]{background:#8b75a5; color:#ffffff !important;}<\/style><div id=\"rd_wfmwrg6m51rgm1r9gbul\" class=\"\">\n<div class=\"wpcf7 no-js\" id=\"wpcf7-f4024-o1\" lang=\"en-US\" dir=\"ltr\" data-wpcf7-id=\"4024\">\n<div class=\"screen-reader-response\"><p role=\"status\" aria-live=\"polite\" aria-atomic=\"true\"><\/p> <ul><\/ul><\/div>\n<form action=\"\/en\/wp-json\/wp\/v2\/pages\/4009#wpcf7-f4024-o1\" method=\"post\" class=\"wpcf7-form init\" aria-label=\"Contact form\" novalidate=\"novalidate\" data-status=\"init\">\n<fieldset class=\"hidden-fields-container\"><input type=\"hidden\" name=\"_wpcf7\" value=\"4024\" \/><input type=\"hidden\" name=\"_wpcf7_version\" value=\"6.1.5\" \/><input type=\"hidden\" name=\"_wpcf7_locale\" value=\"en_US\" \/><input type=\"hidden\" name=\"_wpcf7_unit_tag\" value=\"wpcf7-f4024-o1\" \/><input type=\"hidden\" name=\"_wpcf7_container_post\" value=\"0\" \/><input type=\"hidden\" name=\"_wpcf7_posted_data_hash\" value=\"\" \/><input type=\"hidden\" name=\"_wpcf7_recaptcha_response\" value=\"\" \/>\n<\/fieldset>\n<p><span class=\"wpcf7-form-control-wrap\" data-name=\"your-name\"><input size=\"40\" maxlength=\"400\" class=\"wpcf7-form-control wpcf7-text wpcf7-validates-as-required\" aria-required=\"true\" aria-invalid=\"false\" placeholder=\"Nombre\" value=\"\" type=\"text\" name=\"your-name\" \/><\/span>\n<\/p>\n<p><span class=\"wpcf7-form-control-wrap\" data-name=\"your-email\"><input size=\"40\" maxlength=\"400\" class=\"wpcf7-form-control wpcf7-email wpcf7-validates-as-required wpcf7-text wpcf7-validates-as-email\" aria-required=\"true\" aria-invalid=\"false\" placeholder=\"Email\" value=\"\" type=\"email\" name=\"your-email\" \/><\/span>\n<\/p>\n<p><span class=\"wpcf7-form-control-wrap\" data-name=\"your-phone\"><input size=\"40\" maxlength=\"400\" class=\"wpcf7-form-control wpcf7-text wpcf7-validates-as-required\" aria-required=\"true\" aria-invalid=\"false\" placeholder=\"Telefono\" value=\"\" type=\"text\" name=\"your-phone\" \/><\/span>\n<\/p>\n<p><span class=\"wpcf7-form-control-wrap\" data-name=\"your-subject\"><input size=\"40\" maxlength=\"400\" class=\"wpcf7-form-control wpcf7-text wpcf7-validates-as-required\" aria-required=\"true\" aria-invalid=\"false\" placeholder=\"Asunto\" value=\"\" type=\"text\" name=\"your-subject\" \/><\/span>\n<\/p>\n<p><span class=\"wpcf7-form-control-wrap\" data-name=\"your-message\"><textarea cols=\"40\" rows=\"10\" maxlength=\"2000\" class=\"wpcf7-form-control wpcf7-textarea wpcf7-validates-as-required\" aria-required=\"true\" aria-invalid=\"false\" placeholder=\"Mensaje\" name=\"your-message\"><\/textarea><\/span>\n<\/p>\n<p><input class=\"wpcf7-form-control wpcf7-submit has-spinner\" type=\"submit\" value=\"Enviar\" \/>\n<\/p><div class=\"wpcf7-response-output\" aria-hidden=\"true\"><\/div>\n<\/form>\n<\/div>\n<\/div>\n\t\t<\/div> <\/div>\n\t<\/div> \n<\/div><div   class=\"vc_row wpb_row vc_row-fluid vc_row-o-content-middle full-width-section \">\n\t<div  class=\"vc_span6 vc_hidden-md vc_hidden-sm vc_hidden-xs wpb_column vc_column_container \"><div class=\"vc_column-inner vc_custom_1768788713206\">\n\t\t<div class=\"wpb_wrapper\">\n\t\t\t<h1 style=\"font-size: 32px;color: #4c4c4c;text-align: left\" class=\"vc_custom_heading vc_custom_1768789584357\" >DEFINAMOS LA ARQUITECTURA DE TU PROYECTO<\/h1>\n\t<div class=\"wpb_text_column wpb_content_element   ct_i4fevbfeeitcfqkd8v8w\" >\n\t\t<div class=\"wpb_wrapper\" >\n\t\t\t<p>CONSTRUYAMOS LA BASE S\u00d3LIDA QUE TU PROYECTO NECESITA, HOY MISMO<\/p>\n\n\t\t<\/div> \n\t<\/div> <style type=\"text\/css\" >#rd_i5kozoeg40px3hnkdbr3 .wpcf7 input[type=submit]{font-size:15px; font-weight:900; border-radius:2px; padding:11px 15px; letter-spacing: 0.5px; margin-top:3px;}#rd_i5kozoeg40px3hnkdbr3 .wpcf7 input[type=submit]:hover {background:#2c3e50; color:#ffffff !important;}#rd_i5kozoeg40px3hnkdbr3 .wpcf7 textarea{height:150px;}#rd_i5kozoeg40px3hnkdbr3 .wpcf7 input:not([type=submit]):not([type=checkbox]),#rd_i5kozoeg40px3hnkdbr3 textarea,#rd_i5kozoeg40px3hnkdbr3 .wpcf7 select{border-radius:3px;}#rd_i5kozoeg40px3hnkdbr3 .wpcf7 input:not([type=submit]),#rd_i5kozoeg40px3hnkdbr3 textarea,#rd_i5kozoeg40px3hnkdbr3 .wpcf7 input[type=submit],#rd_i5kozoeg40px3hnkdbr3 .wpcf7 select{margin-top:3px;}#rd_i5kozoeg40px3hnkdbr3 p{margin-bottom:23px;}#rd_i5kozoeg40px3hnkdbr3 .wpcf7 input:not([type=submit]):not([type=checkbox]),#rd_i5kozoeg40px3hnkdbr3 .wpcf7  textarea,#rd_i5kozoeg40px3hnkdbr3 .wpcf7 select{border:1px solid #e8e6e6; background:#f4f6f7;}#rd_i5kozoeg40px3hnkdbr3 .wpcf7 input[type=submit]{background:#8b75a5; color:#ffffff !important;}<\/style><div id=\"rd_i5kozoeg40px3hnkdbr3\" class=\"\">\n<div class=\"wpcf7 no-js\" id=\"wpcf7-f4024-o2\" lang=\"en-US\" dir=\"ltr\" data-wpcf7-id=\"4024\">\n<div class=\"screen-reader-response\"><p role=\"status\" aria-live=\"polite\" aria-atomic=\"true\"><\/p> <ul><\/ul><\/div>\n<form action=\"\/en\/wp-json\/wp\/v2\/pages\/4009#wpcf7-f4024-o2\" method=\"post\" class=\"wpcf7-form init\" aria-label=\"Contact form\" novalidate=\"novalidate\" data-status=\"init\">\n<fieldset class=\"hidden-fields-container\"><input type=\"hidden\" name=\"_wpcf7\" value=\"4024\" \/><input type=\"hidden\" name=\"_wpcf7_version\" value=\"6.1.5\" \/><input type=\"hidden\" name=\"_wpcf7_locale\" value=\"en_US\" \/><input type=\"hidden\" name=\"_wpcf7_unit_tag\" value=\"wpcf7-f4024-o2\" \/><input type=\"hidden\" name=\"_wpcf7_container_post\" value=\"0\" \/><input type=\"hidden\" name=\"_wpcf7_posted_data_hash\" value=\"\" \/><input type=\"hidden\" name=\"_wpcf7_recaptcha_response\" value=\"\" \/>\n<\/fieldset>\n<p><span class=\"wpcf7-form-control-wrap\" data-name=\"your-name\"><input size=\"40\" maxlength=\"400\" class=\"wpcf7-form-control wpcf7-text wpcf7-validates-as-required\" aria-required=\"true\" aria-invalid=\"false\" placeholder=\"Nombre\" value=\"\" type=\"text\" name=\"your-name\" \/><\/span>\n<\/p>\n<p><span class=\"wpcf7-form-control-wrap\" data-name=\"your-email\"><input size=\"40\" maxlength=\"400\" class=\"wpcf7-form-control wpcf7-email wpcf7-validates-as-required wpcf7-text wpcf7-validates-as-email\" aria-required=\"true\" aria-invalid=\"false\" placeholder=\"Email\" value=\"\" type=\"email\" name=\"your-email\" \/><\/span>\n<\/p>\n<p><span class=\"wpcf7-form-control-wrap\" data-name=\"your-phone\"><input size=\"40\" maxlength=\"400\" class=\"wpcf7-form-control wpcf7-text wpcf7-validates-as-required\" aria-required=\"true\" aria-invalid=\"false\" placeholder=\"Telefono\" value=\"\" type=\"text\" name=\"your-phone\" \/><\/span>\n<\/p>\n<p><span class=\"wpcf7-form-control-wrap\" data-name=\"your-subject\"><input size=\"40\" maxlength=\"400\" class=\"wpcf7-form-control wpcf7-text wpcf7-validates-as-required\" aria-required=\"true\" aria-invalid=\"false\" placeholder=\"Asunto\" value=\"\" type=\"text\" name=\"your-subject\" \/><\/span>\n<\/p>\n<p><span class=\"wpcf7-form-control-wrap\" data-name=\"your-message\"><textarea cols=\"40\" rows=\"10\" maxlength=\"2000\" class=\"wpcf7-form-control wpcf7-textarea wpcf7-validates-as-required\" aria-required=\"true\" aria-invalid=\"false\" placeholder=\"Mensaje\" name=\"your-message\"><\/textarea><\/span>\n<\/p>\n<p><input class=\"wpcf7-form-control wpcf7-submit has-spinner\" type=\"submit\" value=\"Enviar\" \/>\n<\/p><div class=\"wpcf7-response-output\" aria-hidden=\"true\"><\/div>\n<\/form>\n<\/div>\n<\/div>\n\t\t<\/div> <\/div>\n\t<\/div> \n\n\t<div  class=\"vc_span6 vc_hidden-md vc_hidden-sm vc_hidden-xs wpb_column vc_column_container \"><div class=\"vc_column-inner vc_custom_1768788721715\">\n\t\t<div class=\"wpb_wrapper\">\n\t\t\t\r\n\t<div  class=\"wpb_single_image wpb_content_element vc_align_right   vc_custom_1768789692535\">\r\n\t\t<div class=\"wpb_wrapper\">\r\n\t\t\t\r\n\t\t\t<div class=\"vc_single_image-wrapper   vc_box_border_grey\"><img decoding=\"async\" width=\"1272\" height=\"1477\" data-src=\"https:\/\/laurasoleapoloni.tk\/wp-content\/uploads\/2026\/01\/Lau_contacto.jpg\" class=\"vc_single_image-img attachment-full lazyload\" alt=\"\" title=\"\" data-srcset=\"https:\/\/laurasoleapoloni.tk\/wp-content\/uploads\/2026\/01\/Lau_contacto.jpg 1272w, https:\/\/laurasoleapoloni.tk\/wp-content\/uploads\/2026\/01\/Lau_contacto-258x300.jpg 258w, https:\/\/laurasoleapoloni.tk\/wp-content\/uploads\/2026\/01\/Lau_contacto-768x892.jpg 768w, https:\/\/laurasoleapoloni.tk\/wp-content\/uploads\/2026\/01\/Lau_contacto-10x12.jpg 10w\" data-sizes=\"(max-width: 1272px) 100vw, 1272px\" src=\"data:image\/gif;base64,R0lGODlhAQABAAAAACH5BAEKAAEALAAAAAABAAEAAAICTAEAOw==\" style=\"--smush-placeholder-width: 1272px; --smush-placeholder-aspect-ratio: 1272\/1477;\" \/><noscript><img decoding=\"async\" width=\"1272\" height=\"1477\" src=\"https:\/\/laurasoleapoloni.tk\/wp-content\/uploads\/2026\/01\/Lau_contacto.jpg\" class=\"vc_single_image-img attachment-full\" alt=\"\" title=\"\" srcset=\"https:\/\/laurasoleapoloni.tk\/wp-content\/uploads\/2026\/01\/Lau_contacto.jpg 1272w, https:\/\/laurasoleapoloni.tk\/wp-content\/uploads\/2026\/01\/Lau_contacto-258x300.jpg 258w, https:\/\/laurasoleapoloni.tk\/wp-content\/uploads\/2026\/01\/Lau_contacto-768x892.jpg 768w, https:\/\/laurasoleapoloni.tk\/wp-content\/uploads\/2026\/01\/Lau_contacto-10x12.jpg 10w\" sizes=\"(max-width: 1272px) 100vw, 1272px\" \/><\/noscript><\/div>\r\n\t\t<\/div>\r\n\t<\/div>\r\n\n\t\t<\/div> <\/div>\n\t<\/div> \n<\/div><div   class=\"vc_row wpb_row vc_row-fluid full-width-section \">\n\t<div  class=\"vc_span12 vc_hidden-lg wpb_column vc_column_container \"><div class=\"vc_column-inner \">\n\t\t<div class=\"wpb_wrapper\">\n\t\t\t<div class=\"vc_empty_space\"   style=\"height: 32px\"><span class=\"vc_empty_space_inner\"><\/span><\/div><h2 style=\"font-size: 18pt;color: #4c4c4c;text-align: center\" class=\"vc_custom_heading\" >CONTACTA CONMIGO<\/h2>\n\t<div class=\"wpb_text_column wpb_content_element   ct_8xey9ungjrakkosuund3\" >\n\t\t<div class=\"wpb_wrapper\" >\n\t\t\t<p style=\"text-align: center;\">DEFINAMOS LA ARQUITECTURA DE TU \u00c9XITO<\/p>\n\n\t\t<\/div> \n\t<\/div> \n\t\t<\/div> <\/div>\n\t<\/div> \n<\/div><div   class=\"vc_row wpb_row vc_row-fluid full-width-section \">\n\t<div  class=\"vc_span12 vc_hidden-lg wpb_column vc_column_container \"><div class=\"vc_column-inner vc_custom_1768803662677\">\n\t\t<div class=\"wpb_wrapper\">\n\t\t\t<style type=\"text\/css\" >#rand_g4tn5ljdgibhdeg6r23k {margin-top:0px; margin-bottom:0px; }<\/style><style type='text\/css'> @font-face{font-family: 'elg'; src:url('https:\/\/laurasoleapoloni.tk\/wp-content\/themes\/thefox\/includes\/4k-icons\/icons\/4k-icons-pack02\/icons\/fonts\/elg.eot'); src:url('https:\/\/laurasoleapoloni.tk\/wp-content\/themes\/thefox\/includes\/4k-icons\/icons\/4k-icons-pack02\/icons\/fonts\/elg.eot?#iefix') format('embedded-opentype'), url('https:\/\/laurasoleapoloni.tk\/wp-content\/themes\/thefox\/includes\/4k-icons\/icons\/4k-icons-pack02\/icons\/fonts\/elg.woff') format('woff'), url('https:\/\/laurasoleapoloni.tk\/wp-content\/themes\/thefox\/includes\/4k-icons\/icons\/4k-icons-pack02\/icons\/fonts\/elg.ttf') format('truetype'), url('https:\/\/laurasoleapoloni.tk\/wp-content\/themes\/thefox\/includes\/4k-icons\/icons\/4k-icons-pack02\/icons\/fonts\/elg.svg#oi') format('svg'); font-weight: normal; font-style: normal;}#rand_g4tn5ljdgibhdeg6r23k .elg-icon_mail_alt:before{font-family: 'elg'; font-weight: normal; font-style: normal;}#rand_g4tn5ljdgibhdeg6r23k .elg-icon_mail_alt:before{content: \"\\e010\";}<\/style>\n<div id=\"rand_g4tn5ljdgibhdeg6r23k\" class=\"icon_box_si \"><i class=\"elg-icon_mail_alt\" style=\"color:#8b75a5;\"><\/i><h3 style=\"color:#333333;\">laurasoleapolonidg@gmail.com<\/h3><p style=\"color:#575757\"><\/p><\/div><style type=\"text\/css\" >#rand_pxk7qtqwm4ijobdn8wkt {margin-top:0px; margin-bottom:0px; }<\/style><style type='text\/css'> @font-face{font-family: 'bk'; src:url('https:\/\/laurasoleapoloni.tk\/wp-content\/themes\/thefox\/includes\/4k-icons\/icons\/4k-icons-pack01\/icons\/fonts\/bk.eot'); src:url('https:\/\/laurasoleapoloni.tk\/wp-content\/themes\/thefox\/includes\/4k-icons\/icons\/4k-icons-pack01\/icons\/fonts\/bk.eot?#iefix') format('embedded-opentype'), url('https:\/\/laurasoleapoloni.tk\/wp-content\/themes\/thefox\/includes\/4k-icons\/icons\/4k-icons-pack01\/icons\/fonts\/bk.woff') format('woff'), url('https:\/\/laurasoleapoloni.tk\/wp-content\/themes\/thefox\/includes\/4k-icons\/icons\/4k-icons-pack01\/icons\/fonts\/bk.ttf') format('truetype'), url('https:\/\/laurasoleapoloni.tk\/wp-content\/themes\/thefox\/includes\/4k-icons\/icons\/4k-icons-pack01\/icons\/fonts\/bk.svg#oi') format('svg'); font-weight: normal; font-style: normal;}#rand_pxk7qtqwm4ijobdn8wkt .bk-phone:before{font-family: 'bk'; font-weight: normal; font-style: normal;}#rand_pxk7qtqwm4ijobdn8wkt .bk-phone:before{content: \"\\e023\";}<\/style>\n<a href=\"https:\/\/wa.me\/+542304573245\" target=\"_blank\" ><div id=\"rand_pxk7qtqwm4ijobdn8wkt\" class=\"icon_box_si \"><i class=\"bk-phone\" style=\"color:#8b75a5;\"><\/i><h3 style=\"color:#333333;\">+542304573245<\/h3><p style=\"color:#575757\"><\/p><\/div><\/a><div class=\"vc_empty_space\"   style=\"height: 20px\"><span class=\"vc_empty_space_inner\"><\/span><\/div>\r\n\t<div class=\"rd_si_sc rd_si_small\" id=\"rd_gjlxv6zqo4gq1vwgxxzd\">   \r\n\t\r\n\t                                                                                                            <div id=\"lin\" class=\"\"> <a href=\"https:\/\/ar.linkedin.com\/in\/laura-apoloni\" target=\"_blank\"><i class=\"fa fa-linkedin\"><\/i><\/a><\/div>\r\n                                                      <div id=\"behance\" class=\"\"> <a href=\"https:\/\/www.behance.net\/lauraapoloni\" target=\"_blank\" ><i class=\"fa fa-behance\"><\/i><\/a><\/div>\r\n                                                      <div id=\"instagram\" class=\"\"> <a href=\"https:\/\/www.instagram.com\/laurasoleapolonidg\/\" target=\"_blank\" ><i class=\"fa fa-instagram\"><\/i><\/a><\/div>\r\n                              <div id=\"facebook\" class=\"\"> <a href=\"https:\/\/www.facebook.com\/laurasoleapolonidg\/\" target=\"_blank\" ><i class=\"fa fa-facebook\"><\/i><\/a><\/div>\r\n      \t                          \t  \r\n\t<\/div>\r\n\t \r\n\t <style type=\"text\/css\" >#rd_gjlxv6zqo4gq1vwgxxzd {margin:0px auto 0px;}#rd_gjlxv6zqo4gq1vwgxxzd div a{color:#8b75a5;}#rd_gjlxv6zqo4gq1vwgxxzd div a:hover{color:#4c4c4c!important;}<\/style>\n\t\t<\/div> <\/div>\n\t<\/div> \n<\/div><div   class=\"vc_row wpb_row vc_row-fluid  \">\n\t<div  class=\"vc_span12 vc_hidden-md vc_hidden-sm vc_hidden-xs wpb_column vc_column_container \"><div class=\"vc_column-inner \">\n\t\t<div class=\"wpb_wrapper\">\n\t\t\t<div class=\"vc_empty_space\"   style=\"height: 32px\"><span class=\"vc_empty_space_inner\"><\/span><\/div><h2 style=\"font-size: 25pt;color: #4c4c4c;text-align: center\" class=\"vc_custom_heading\" >CONTACTA CONMIGO<\/h2>\n\t<div class=\"wpb_text_column wpb_content_element   ct_vwtjfppxrr3p61zinwje\" >\n\t\t<div class=\"wpb_wrapper\" >\n\t\t\t<p style=\"text-align: center;\">DEFINAMOS LA ARQUITECTURA DE TU \u00c9XITO<\/p>\n\n\t\t<\/div> \n\t<\/div> <div class=\"vc_row wpb_row vc_inner vc_row-fluid\"><div  class=\"wpb_column vc_column_container vc_span4\"><div class=\"vc_column-inner  \" ><div class=\"wpb_wrapper\"><div class=\"vc_empty_space\"   style=\"height: 20px\"><span class=\"vc_empty_space_inner\"><\/span><\/div>\r\n\t<div class=\"rd_si_sc rd_si_small\" id=\"rd_n0ajul5o3zcfozvbh563\">   \r\n\t\r\n\t                                                                                                            <div id=\"lin\" class=\"\"> <a href=\"https:\/\/ar.linkedin.com\/in\/laura-apoloni\" target=\"_blank\"><i class=\"fa fa-linkedin\"><\/i><\/a><\/div>\r\n                                                      <div id=\"behance\" class=\"\"> <a href=\"https:\/\/www.behance.net\/lauraapoloni\" target=\"_blank\" ><i class=\"fa fa-behance\"><\/i><\/a><\/div>\r\n                                                      <div id=\"instagram\" class=\"\"> <a href=\"https:\/\/www.instagram.com\/laurasoleapolonidg\/\" target=\"_blank\" ><i class=\"fa fa-instagram\"><\/i><\/a><\/div>\r\n                              <div id=\"facebook\" class=\"\"> <a href=\"https:\/\/www.facebook.com\/laurasoleapolonidg\/\" target=\"_blank\" ><i class=\"fa fa-facebook\"><\/i><\/a><\/div>\r\n      \t                          \t  \r\n\t<\/div>\r\n\t \r\n\t <style type=\"text\/css\" >#rd_n0ajul5o3zcfozvbh563 {margin:0px auto 0px;}#rd_n0ajul5o3zcfozvbh563 div a{color:#8b75a5;}#rd_n0ajul5o3zcfozvbh563 div a:hover{color:#4c4c4c!important;}<\/style><\/div><\/div><\/div><div  class=\"wpb_column vc_column_container vc_span4\"><div class=\"vc_column-inner  \" ><div class=\"wpb_wrapper\"><style type=\"text\/css\" >#rand_m73p3ktcvzdb4eo0gdo4 {margin-top:0px; margin-bottom:0px; }<\/style><style type='text\/css'> @font-face{font-family: 'elg'; src:url('https:\/\/laurasoleapoloni.tk\/wp-content\/themes\/thefox\/includes\/4k-icons\/icons\/4k-icons-pack02\/icons\/fonts\/elg.eot'); src:url('https:\/\/laurasoleapoloni.tk\/wp-content\/themes\/thefox\/includes\/4k-icons\/icons\/4k-icons-pack02\/icons\/fonts\/elg.eot?#iefix') format('embedded-opentype'), url('https:\/\/laurasoleapoloni.tk\/wp-content\/themes\/thefox\/includes\/4k-icons\/icons\/4k-icons-pack02\/icons\/fonts\/elg.woff') format('woff'), url('https:\/\/laurasoleapoloni.tk\/wp-content\/themes\/thefox\/includes\/4k-icons\/icons\/4k-icons-pack02\/icons\/fonts\/elg.ttf') format('truetype'), url('https:\/\/laurasoleapoloni.tk\/wp-content\/themes\/thefox\/includes\/4k-icons\/icons\/4k-icons-pack02\/icons\/fonts\/elg.svg#oi') format('svg'); font-weight: normal; font-style: normal;}#rand_m73p3ktcvzdb4eo0gdo4 .elg-icon_mail_alt:before{font-family: 'elg'; font-weight: normal; font-style: normal;}#rand_m73p3ktcvzdb4eo0gdo4 .elg-icon_mail_alt:before{content: \"\\e010\";}<\/style>\n<a href=\"mailto:laurasoleapolonidg@gmail.com\" target=\"_blank\" ><div id=\"rand_m73p3ktcvzdb4eo0gdo4\" class=\"icon_box \"><i class=\"elg-icon_mail_alt\" style=\"color:#8b75a5;\"><\/i><h3 class=\"mi_heading\" style=\"color:#333333;\">laurasoleapolonidg@gmail.com<\/h3><p style=\"color:#575757\"><\/p><\/div><\/a><\/div><\/div><\/div><div  class=\"wpb_column vc_column_container vc_span4\"><div class=\"vc_column-inner  \" ><div class=\"wpb_wrapper\"><style type=\"text\/css\" >#rand_mj7170fgwswpp6nuoi87 {margin-top:0px; margin-bottom:0px; }<\/style><style type='text\/css'> @font-face{font-family: 'bk'; src:url('https:\/\/laurasoleapoloni.tk\/wp-content\/themes\/thefox\/includes\/4k-icons\/icons\/4k-icons-pack01\/icons\/fonts\/bk.eot'); src:url('https:\/\/laurasoleapoloni.tk\/wp-content\/themes\/thefox\/includes\/4k-icons\/icons\/4k-icons-pack01\/icons\/fonts\/bk.eot?#iefix') format('embedded-opentype'), url('https:\/\/laurasoleapoloni.tk\/wp-content\/themes\/thefox\/includes\/4k-icons\/icons\/4k-icons-pack01\/icons\/fonts\/bk.woff') format('woff'), url('https:\/\/laurasoleapoloni.tk\/wp-content\/themes\/thefox\/includes\/4k-icons\/icons\/4k-icons-pack01\/icons\/fonts\/bk.ttf') format('truetype'), url('https:\/\/laurasoleapoloni.tk\/wp-content\/themes\/thefox\/includes\/4k-icons\/icons\/4k-icons-pack01\/icons\/fonts\/bk.svg#oi') format('svg'); font-weight: normal; font-style: normal;}#rand_mj7170fgwswpp6nuoi87 .bk-phone:before{font-family: 'bk'; font-weight: normal; font-style: normal;}#rand_mj7170fgwswpp6nuoi87 .bk-phone:before{content: \"\\e023\";}<\/style>\n<a href=\"https:\/\/wa.me\/+542304573245\" target=\"_blank\" ><div id=\"rand_mj7170fgwswpp6nuoi87\" class=\"icon_box_si \"><i class=\"bk-phone\" style=\"color:#8b75a5;\"><\/i><h3 style=\"color:#333333;\">+542304573245<\/h3><p style=\"color:#575757\"><\/p><\/div><\/a><\/div><\/div><\/div><\/div>\n\t\t<\/div> <\/div>\n\t<\/div> \n<\/div>\n<\/div>","protected":false},"excerpt":{"rendered":"<p>DEFINAMOS LA ARQUITECTURA DE TU PROYECTO CONSTRUYAMOS LA BASE S\u00d3LIDA QUE TU PROYECTO NECESITA DEFINAMOS LA ARQUITECTURA DE TU PROYECTO CONSTRUYAMOS LA BASE S\u00d3LIDA QUE TU PROYECTO NECESITA, HOY MISMO CONTACTA CONMIGO DEFINAMOS LA ARQUITECTURA DE TU \u00c9XITO laurasoleapolonidg@gmail.com +542304573245 CONTACTA CONMIGO DEFINAMOS LA ARQUITECTURA DE TU \u00c9XITO laurasoleapolonidg@gmail.com +542304573245<\/p>","protected":false},"author":1,"featured_media":0,"parent":0,"menu_order":0,"comment_status":"closed","ping_status":"closed","template":"","meta":{"footnotes":""},"class_list":["post-4009","page","type-page","status-publish","hentry"],"_links":{"self":[{"href":"https:\/\/laurasoleapoloni.tk\/en\/wp-json\/wp\/v2\/pages\/4009","targetHints":{"allow":["GET"]}}],"collection":[{"href":"https:\/\/laurasoleapoloni.tk\/en\/wp-json\/wp\/v2\/pages"}],"about":[{"href":"https:\/\/laurasoleapoloni.tk\/en\/wp-json\/wp\/v2\/types\/page"}],"author":[{"embeddable":true,"href":"https:\/\/laurasoleapoloni.tk\/en\/wp-json\/wp\/v2\/users\/1"}],"replies":[{"embeddable":true,"href":"https:\/\/laurasoleapoloni.tk\/en\/wp-json\/wp\/v2\/comments?post=4009"}],"version-history":[{"count":261,"href":"https:\/\/laurasoleapoloni.tk\/en\/wp-json\/wp\/v2\/pages\/4009\/revisions"}],"predecessor-version":[{"id":10678,"href":"https:\/\/laurasoleapoloni.tk\/en\/wp-json\/wp\/v2\/pages\/4009\/revisions\/10678"}],"wp:attachment":[{"href":"https:\/\/laurasoleapoloni.tk\/en\/wp-json\/wp\/v2\/media?parent=4009"}],"curies":[{"name":"wp","href":"https:\/\/api.w.org\/{rel}","templated":true}]}}