{"id":7363,"date":"2024-05-10T00:57:15","date_gmt":"2024-05-10T03:57:15","guid":{"rendered":"https:\/\/laurasoleapoloni.tk\/?page_id=7363"},"modified":"2026-01-06T16:49:33","modified_gmt":"2026-01-06T19:49:33","slug":"portfolio","status":"publish","type":"page","link":"https:\/\/laurasoleapoloni.tk\/en\/portfolio\/","title":{"rendered":"Portfolio"},"content":{"rendered":"<div class=\"wpb-content-wrapper\"><div class=\"vc_row wpb_row vc_row-fluid vc_custom_1765150065407\">\n\t<div  class=\"vc_span12 vc_hidden-md vc_hidden-sm vc_hidden-xs wpb_column vc_column_container\"><div class=\"vc_column-inner\">\n\t\t<div class=\"wpb_wrapper\">\n\t\t\t<h2 style=\"font-size: 25px;text-align: center\" class=\"vc_custom_heading vc_custom_1765150287521\" >PORTFOLIO<\/h2>\n\t<div class=\"wpb_text_column wpb_content_element   ct_vhucy739bumwpmzyjeqg\" >\n\t\t<div class=\"wpb_wrapper\" >\n\t\t\t<p style=\"text-align: center;\"><span data-path-to-node=\"4,1,1,0\"><b>CADA DISE\u00d1O, UNA PRUEBA DE LA PLANIFICACI\u00d3N MET\u00d3DICA GARANTIZADA<\/b><\/span><\/p>\n\n\t\t<\/div> \n\t<\/div> \n\t\t<\/div> <\/div>\n\t<\/div> \n<\/div><div   class=\"vc_row wpb_row vc_row-fluid vc_custom_1765150065407\">\n\t<div  class=\"vc_span12 vc_hidden-lg wpb_column vc_column_container\"><div class=\"vc_column-inner\">\n\t\t<div class=\"wpb_wrapper\">\n\t\t\t<h2 style=\"font-size: 25px;text-align: center\" class=\"vc_custom_heading vc_custom_1765150302572\" >PORTFOLIO<\/h2>\n\t<div class=\"wpb_text_column wpb_content_element   ct_s2t5tdnswt5elorsobnl\" >\n\t\t<div class=\"wpb_wrapper\" >\n\t\t\t<h5 style=\"text-align: center;\"><span data-path-to-node=\"4,1,1,0\"><b>CADA DISE\u00d1O, UNA PRUEBA DE <\/b><\/span><span data-path-to-node=\"4,1,1,0\"><b>LA PLANIFICACI\u00d3N MET\u00d3DICA GARANTIZADA<\/b><\/span><\/h5>\n\n\t\t<\/div> \n\t<\/div> \n\t\t<\/div> <\/div>\n\t<\/div> \n<\/div><div   class=\"vc_row wpb_row vc_row-fluid vc_custom_1723823845434 full-width-content\">\n\t<div  class=\"vc_span12 vc_hidden-md vc_hidden-sm vc_hidden-xs wpb_column vc_column_container\"><div class=\"vc_column-inner\">\n\t\t<div class=\"wpb_wrapper\">\n\t\t\t<script>jQuery.noConflict(); var $ = jQuery; <\/script><div id=\"randomkcoczirsgr77era41j2d_port\" class=\"portfolio\"><style type=\"text\/css\" >#randomkcoczirsgr77era41j2d_port .filter_type_1 #options .selected a,#randomkcoczirsgr77era41j2d_port .filter_type_1 #options a:hover{background:#8b75a5; border:1px solid #8b75a5; color:#fff;}#randomkcoczirsgr77era41j2d_port .filter_type_1 #options a{border:1px solid #ecf0f1}#randomkcoczirsgr77era41j2d_port .filter_type_1 #options a{background:#ffffff}#randomkcoczirsgr77era41j2d_port .filter_type_1 #options a{color:#4c4c4c}<\/style><style type=\"text\/css\" >#randomkcoczirsgr77era41j2d_port .portfolio_desc{ position:absolute; bottom:10%; width:100%; height:40px; padding:0; border:none!important; background:none!important; text-align:center; z-index:3; opacity:0;}#randomkcoczirsgr77era41j2d_port .element:hover .portfolio_desc{opacity:1; bottom:50%;}#randomkcoczirsgr77era41j2d_port  .element:hover .img_link{left:4px;  opacity:1;}#randomkcoczirsgr77era41j2d_port  .element:hover .post_link{right:4px; opacity:1;}#randomkcoczirsgr77era41j2d_port .element:hover .port_overlay,.portfolio_desc:hover .port_overlay{ background:#8b75a5; opacity:1; }#randomkcoczirsgr77era41j2d_port .portfolio_desc h2 a,#randomkcoczirsgr77era41j2d_port .portfolio_desc h3{color:#ffffff !important}#randomkcoczirsgr77era41j2d_port .portfolio_desc{margin-bottom:-55px;}.img_link,.post_link{margin-top:-55px;}<\/style><style type=\"text\/css\" >#randomkcoczirsgr77era41j2d_port .filter_img{border:1px solid #ecf0f1;}#randomkcoczirsgr77era41j2d_port .portfolio_desc {background:#ffffff}#randomkcoczirsgr77era41j2d_port .portfolio_desc a h2{color:#333333}#randomkcoczirsgr77era41j2d_port .portfolio_desc h3{color:#575757}#randomkcoczirsgr77era41j2d_port .element:hover .filter_img{border:1px solid #333333;}<\/style>\r\n\t\t\t\t<div id=\"portfolio-tags\" class=\"filter_type_1\">\r\n\t\t\t\t<ul class=\"splitter\" id=\"options\"><li><ul class=\"optionset\" data-option-key=\"filter\"><li class=\"selected\"><a href=\"#filter\" data-option-value=\"*\">All<\/a>\r\n\t\t<\/li><li ><a href=\"#filter\" data-option-value=\".animacion\" title=\"View all post filed under Animaci\u00f3n\">Animaci\u00f3n<\/a>\r\n                <\/li> <li ><a href=\"#filter\" data-option-value=\".carteleria\" title=\"View all post filed under Carteler\u00eda\">Carteler\u00eda<\/a>\r\n                <\/li> <li ><a href=\"#filter\" data-option-value=\".diseno-web\" title=\"View all post filed under Dise\u00f1o Web\">Dise\u00f1o Web<\/a>\r\n                <\/li> <li ><a href=\"#filter\" data-option-value=\".editorial\" title=\"View all post filed under Editorial\">Editorial<\/a>\r\n                <\/li> <li ><a href=\"#filter\" data-option-value=\".grafica-vehicular\" title=\"View all post filed under Gr\u00e1fica Vehicular\">Gr\u00e1fica Vehicular<\/a>\r\n                <\/li> <li ><a href=\"#filter\" data-option-value=\".identidadvisual\" title=\"View all post filed under Identidad visual\">Identidad visual<\/a>\r\n                <\/li> <li ><a href=\"#filter\" data-option-value=\".logotipos\" title=\"View all post filed under Logotipos\">Logotipos<\/a>\r\n                <\/li> <li ><a href=\"#filter\" data-option-value=\".packaging\" title=\"View all post filed under Packaging\">Packaging<\/a>\r\n                <\/li> <li ><a href=\"#filter\" data-option-value=\".papeleria\" title=\"View all post filed under Papeler\u00eda\">Papeler\u00eda<\/a>\r\n                <\/li> <li ><a href=\"#filter\" data-option-value=\".redessociales\" title=\"View all post filed under Redes sociales\">Redes sociales<\/a>\r\n                <\/li> <li ><a href=\"#filter\" data-option-value=\".videos\" title=\"View all post filed under Videos\">Videos<\/a>\r\n                <\/li><\/ul>      <\/li><\/ul><\/div><div class=\"portfolio_block image-grid columns4 port_type_4 rd_hover_gradient thumbnail_type_1\" id=\"list\">\r\n\r\n                <\/div><!-- .portfolio_block -->\r\n\r\n                <div class=\"rd_clear\"><!-- ClearFix --><\/div><style type=\"text\/css\" >#randomkcoczirsgr77era41j2d_port .btn_load_more{background:#ffffff; color:#333333; border:1px solid #ecf0f1;}#randomkcoczirsgr77era41j2d_port .refresh_icn:before{color:#333333;}#randomkcoczirsgr77era41j2d_port .btn_load_more:hover{background:#8b75a5; color:#ffffff; border:1px solid #8b75a5;}#randomkcoczirsgr77era41j2d_port .btn_load_more:hover .refresh_icn:before{color:#ffffff;}<\/style><div class=\"load_more_cont\"><a class=\"btn_load_more get_portfolio_works_btn\" href=\"#\"><span class=\"fa-plus refresh_icn\"><\/span>Load More<span><\/span><\/a><\/div><\/div>  <script>\r\n\r\n\r\n\r\njQuery.noConflict();\r\njQuery(document).ready(function($){\r\n\"use strict\";\r\n            \t\t\t   \/*!!!!!!!!!!!!!!!!!!!!!!!!!!!!!!!!CONFIG!!!!!!!!!!!!!!!!!!!!!!!!!!!!!!!!!!!*\/\r\n                var html_template = \"port_type_4\";\r\n\t\t\t\tvar thumbnail = \"thumbnail_type_1\";\r\n\t\t\t\tvar order = \"DESC\";\r\n\t\t\t\tvar orderby = \"date\";\r\n                var now_open_works = 0;\r\n                var first_load = true;\r\n\r\n                \/*!!!!!!!!!!!!!!!!!!!!!!!!!!!!!!!!CONFIG!!!!!!!!!!!!!!!!!!!!!!!!!!!!!!!!!!!*\/\r\n\r\n\r\n\r\n                function get_portfolio_works (this_obj) {\r\n\r\n                    if(typeof(this_obj)==\"undefined\") {data_option_value=\"*\";}\r\n\r\n                    else {var data_option_value = this_obj.attr(\"data-option-value\");}\r\n\r\n\r\n\r\n                    if (first_load == true) {\r\n\r\n                        var works_per_load = 100;\r\n\r\n                        first_load = false;\r\n\r\n                    } else {\r\n\r\n                        var works_per_load = 50;\r\n\r\n                    }\r\n\r\n\r\n\r\n                    $.ajax({\r\n\r\n                        type: \"POST\",\r\n\r\n                        url: mixajaxurl,\r\n\r\n                        data: \"html_template=\"+html_template+\"&now_open_works=\"+now_open_works+\"&action=get_portfolio_works\"+\"&works_per_load=\"+works_per_load+\"&order=\"+order+\"&orderby=\"+orderby+\"&thumbnail=\"+thumbnail+\"&target=_self&tags=all&category=all\",\r\n\r\n                        success: function(result){\r\n\r\n\t\t                            if(result.length<1){\r\n\r\n                                $(\"#randomkcoczirsgr77era41j2d_port .load_more_cont\").hide(\"fast\");\r\n\r\n                            }\r\n\r\n\r\n\r\n\r\n                            now_open_works = now_open_works + works_per_load;\r\n\r\n                            var $newItems = $(result);\r\n                            $(\"#randomkcoczirsgr77era41j2d_port .portfolio_block\").isotope( 'insert', $newItems, function() {\r\n\r\n\r\n\r\n                                $(\"#randomkcoczirsgr77era41j2d_port .portfolio_block\").ready(function(){\r\n                                    $(\"#randomkcoczirsgr77era41j2d_port .portfolio_block\").isotope('layout');\r\n                                    \/\/Portfolio\r\n                                    $('#randomkcoczirsgr77era41j2d_port .portfolio_content').each(function(){\r\n                                    $(this).css('margin-top', Math.floor(-1*($(this).height()\/2))+'px');\r\n                                    });\r\n\t                                });\r\n\r\n                               $(\"#randomkcoczirsgr77era41j2d_port .portfolio_block\").isotope('layout');\r\n\r\n\t\t\t\t\t\t\t   $(window).trigger('resize');\r\n\r\n\r\n\r\n\r\n\r\n                            });\r\n\t$(\"#randomkcoczirsgr77era41j2d_port .optionset li a\").each(function() {\r\n\r\n\t\t\t\t\t\t\t\tvar filter_class = $(this).attr('data-option-value');\r\n\t\t\t\t\t\t\t\t if ($('#randomkcoczirsgr77era41j2d_port').find(filter_class).length) { \/\/ implies *not* zero\r\n\t\t\t\t\t\t\t\t$(this).parent('li').show();\r\n\t\t\t\t\t\t\t\t }else{\r\n\t\t\t\t\t\t\t\t$(this).parent('li').hide();\r\n\t\t\t\t\t\t\t\t }\r\n\r\n\r\n\r\n\t\t\t\t\t\t\t\t});\r\n\r\n                            $('#portfolio-tags').css('opacity','1');\r\n\t\t\t\t\t\t\t$('.zilla-likes').unbind().bind('click',\r\n    function() {\r\n        var link = j$(this);\r\n        if(link.hasClass('active')) return false;\r\n\r\n        var id = $(this).attr('id'),\r\n            postfix = link.find('.zilla-likes-postfix').text();\r\n\r\n        $.post(zilla_likes.ajaxurl, { action:'zilla-likes', likes_id:id, postfix:postfix }, function(data){\r\n            link.html(data).addClass('active').attr('title','You already like this');\r\n        });\r\n\r\n        return false;\r\n    });\r\n\r\nif( $('body.ajax-zilla-likes').length ) {\r\n    $('.zilla-likes').each(function(){\r\n        var id = $(this).attr('id');\r\n        $(this).load(zilla_likes.ajaxurl, { action:'zilla-likes', post_id:id });\r\n    });\r\n}\r\n\r\n                            $('a.prettyPhoto').prettyPhoto();\r\n\r\n\t\t\t\t\t$(window).trigger('resize');\r\n\r\n\r\n\r\n\t\t\t\t\t\t\t$(\".refresh_icn\").removeClass(\"fa-spin\");\r\n\r\n\t\t\t\t\t\t\t$(\".refresh_icn\").removeClass(\"fa-refresh\");\r\n\r\n\t\t\t\t\t\t\t$(\"#randomkcoczirsgr77era41j2d_port .portfolio_block\").isotope('layout');\r\n\r\n\t\t\t\t\t\t\t$(\".refresh_icn\").addClass(\"fa-plus\");\r\n\r\n\r\n\r\n                        }\r\n\r\n\r\n\r\n                    });\r\n\r\n                }\r\n\r\n\r\n\r\n                $(\"#randomkcoczirsgr77era41j2d_port .get_portfolio_works_btn\").click(function(){\r\n\r\n\t\t\t\t\t$(\".refresh_icn\").removeClass(\"fa-plus\");\r\n\r\n\t\t\t\t\t$(\".refresh_icn\").addClass(\"fa-refresh\");\r\n\r\n                    $(\".refresh_icn\").addClass(\"fa-spin\");\r\n\r\n\t\t\t\t\tget_portfolio_works();\r\n\r\n\r\n\t\t\t\t\t$(window).trigger('resize');\r\n\t\t\t\t\t$(\"#randomkcoczirsgr77era41j2d_port .portfolio_block\").isotope('layout');\r\n\r\n\t\t\t\t\treturn false;\r\n\r\n\r\n\r\n                });\r\n\r\n               \/* load at start *\/\r\n                $(window).load(function(){\r\n                    get_portfolio_works();\r\n\r\n\r\n\t\t\t\t\t$(window).trigger('resize');\r\n\t\t\t\t\t$(\"#randomkcoczirsgr77era41j2d_port .portfolio_block\").isotope('layout');\r\n\r\n\t$(\"#randomkcoczirsgr77era41j2d_port .optionset li a\").each(function() {\r\n\r\n\t\t\t\t\t\t\t\tvar filter_class = $(this).attr('data-option-value');\r\n\t\t\t\t\t\t\t\t if ($('#randomkcoczirsgr77era41j2d_port').find(filter_class).length){ \/\/ implies *not* zero\r\n\t\t\t\t\t\t\t\t$(this).parent('li').show();\r\n\t\t\t\t\t\t\t\t }else{\r\n\t\t\t\t\t\t\t\t$(this).parent('li').hide();\r\n\t\t\t\t\t\t\t\t }\r\n\r\n\r\n\t\t\t\t\t\t\t\t});\r\n\r\n                            $('#portfolio-tags').css('opacity','1');\r\nfunction watchport() {\r\n\r\n$(\"#randomkcoczirsgr77era41j2d_port .portfolio_block\").isotope('layout');\r\n\t\t\t\r\n}\r\n\r\nsetInterval(watchport, 100);\r\n\r\n\r\n\r\n                });\r\n\r\n                });\r\n            <\/script>\r\n  \n\t\t<\/div> <\/div>\n\t<\/div> \n<\/div><div   class=\"vc_row wpb_row vc_row-fluid vc_custom_1723823845434 full-width-content\">\n\t<div  class=\"vc_span12 vc_hidden-lg wpb_column vc_column_container\"><div class=\"vc_column-inner\">\n\t\t<div class=\"wpb_wrapper\">\n\t\t\t<script>jQuery.noConflict(); var $ = jQuery; <\/script><div id=\"randomexu7hy3mihhi1uimipxu_port\" class=\"portfolio\"><style type=\"text\/css\" >#randomexu7hy3mihhi1uimipxu_port .filter_type_1 #options .selected a,#randomexu7hy3mihhi1uimipxu_port .filter_type_1 #options a:hover{background:#8b75a5; border:1px solid #8b75a5; color:#fff;}#randomexu7hy3mihhi1uimipxu_port .filter_type_1 #options a{border:1px solid #ecf0f1}#randomexu7hy3mihhi1uimipxu_port .filter_type_1 #options a{background:#ffffff}#randomexu7hy3mihhi1uimipxu_port .filter_type_1 #options a{color:#575757}<\/style><style type=\"text\/css\" >#randomexu7hy3mihhi1uimipxu_port .portfolio_desc{ position:absolute; bottom:10%; width:100%; height:40px; padding:0; border:none!important; background:none!important; text-align:center; z-index:3; opacity:0;}#randomexu7hy3mihhi1uimipxu_port .element:hover .portfolio_desc{opacity:1; bottom:50%;}#randomexu7hy3mihhi1uimipxu_port  .element:hover .img_link{left:4px;  opacity:1;}#randomexu7hy3mihhi1uimipxu_port  .element:hover .post_link{right:4px; opacity:1;}#randomexu7hy3mihhi1uimipxu_port .element:hover .port_overlay,.portfolio_desc:hover .port_overlay{ background:#8b75a5; opacity:1; }#randomexu7hy3mihhi1uimipxu_port .portfolio_desc h2 a,#randomexu7hy3mihhi1uimipxu_port .portfolio_desc h3{color:#ffffff !important}#randomexu7hy3mihhi1uimipxu_port .portfolio_desc{margin-bottom:-55px;}.img_link,.post_link{margin-top:-55px;}<\/style><style type=\"text\/css\" >#randomexu7hy3mihhi1uimipxu_port .filter_img{border:1px solid #ecf0f1;}#randomexu7hy3mihhi1uimipxu_port .portfolio_desc {background:#ffffff}#randomexu7hy3mihhi1uimipxu_port .portfolio_desc a h2{color:#333333}#randomexu7hy3mihhi1uimipxu_port .portfolio_desc h3{color:#575757}#randomexu7hy3mihhi1uimipxu_port .element:hover .filter_img{border:1px solid #333333;}<\/style><div class=\"portfolio_block image-grid columns4 port_type_4 rd_hover_gradient thumbnail_type_1\" id=\"list\">\r\n\r\n                <\/div><!-- .portfolio_block -->\r\n\r\n                <div class=\"rd_clear\"><!-- ClearFix --><\/div><style type=\"text\/css\" >#randomexu7hy3mihhi1uimipxu_port .btn_load_more{background:#ffffff; color:#333333; border:1px solid #ecf0f1;}#randomexu7hy3mihhi1uimipxu_port .refresh_icn:before{color:#333333;}#randomexu7hy3mihhi1uimipxu_port .btn_load_more:hover{background:#8b75a5; color:#ffffff; border:1px solid #8b75a5;}#randomexu7hy3mihhi1uimipxu_port .btn_load_more:hover .refresh_icn:before{color:#ffffff;}<\/style><div class=\"load_more_cont\"><a class=\"btn_load_more get_portfolio_works_btn\" href=\"#\"><span class=\"fa-plus refresh_icn\"><\/span>Load More<span><\/span><\/a><\/div><\/div>  <script>\r\n\r\n\r\n\r\njQuery.noConflict();\r\njQuery(document).ready(function($){\r\n\"use strict\";\r\n            \t\t\t   \/*!!!!!!!!!!!!!!!!!!!!!!!!!!!!!!!!CONFIG!!!!!!!!!!!!!!!!!!!!!!!!!!!!!!!!!!!*\/\r\n                var html_template = \"port_type_4\";\r\n\t\t\t\tvar thumbnail = \"thumbnail_type_1\";\r\n\t\t\t\tvar order = \"DESC\";\r\n\t\t\t\tvar orderby = \"date\";\r\n                var now_open_works = 0;\r\n                var first_load = true;\r\n\r\n                \/*!!!!!!!!!!!!!!!!!!!!!!!!!!!!!!!!CONFIG!!!!!!!!!!!!!!!!!!!!!!!!!!!!!!!!!!!*\/\r\n\r\n\r\n\r\n                function get_portfolio_works (this_obj) {\r\n\r\n                    if(typeof(this_obj)==\"undefined\") {data_option_value=\"*\";}\r\n\r\n                    else {var data_option_value = this_obj.attr(\"data-option-value\");}\r\n\r\n\r\n\r\n                    if (first_load == true) {\r\n\r\n                        var works_per_load = 100;\r\n\r\n                        first_load = false;\r\n\r\n                    } else {\r\n\r\n                        var works_per_load = 50;\r\n\r\n                    }\r\n\r\n\r\n\r\n                    $.ajax({\r\n\r\n                        type: \"POST\",\r\n\r\n                        url: mixajaxurl,\r\n\r\n                        data: \"html_template=\"+html_template+\"&now_open_works=\"+now_open_works+\"&action=get_portfolio_works\"+\"&works_per_load=\"+works_per_load+\"&order=\"+order+\"&orderby=\"+orderby+\"&thumbnail=\"+thumbnail+\"&target=_self&tags=all&category=all\",\r\n\r\n                        success: function(result){\r\n\r\n\t\t                            if(result.length<1){\r\n\r\n                                $(\"#randomexu7hy3mihhi1uimipxu_port .load_more_cont\").hide(\"fast\");\r\n\r\n                            }\r\n\r\n\r\n\r\n\r\n                            now_open_works = now_open_works + works_per_load;\r\n\r\n                            var $newItems = $(result);\r\n                            $(\"#randomexu7hy3mihhi1uimipxu_port .portfolio_block\").isotope( 'insert', $newItems, function() {\r\n\r\n\r\n\r\n                                $(\"#randomexu7hy3mihhi1uimipxu_port .portfolio_block\").ready(function(){\r\n                                    $(\"#randomexu7hy3mihhi1uimipxu_port .portfolio_block\").isotope('layout');\r\n                                    \/\/Portfolio\r\n                                    $('#randomexu7hy3mihhi1uimipxu_port .portfolio_content').each(function(){\r\n                                    $(this).css('margin-top', Math.floor(-1*($(this).height()\/2))+'px');\r\n                                    });\r\n\t                                });\r\n\r\n                               $(\"#randomexu7hy3mihhi1uimipxu_port .portfolio_block\").isotope('layout');\r\n\r\n\t\t\t\t\t\t\t   $(window).trigger('resize');\r\n\r\n\r\n\r\n\r\n\r\n                            });\r\n\t$(\"#randomexu7hy3mihhi1uimipxu_port .optionset li a\").each(function() {\r\n\r\n\t\t\t\t\t\t\t\tvar filter_class = $(this).attr('data-option-value');\r\n\t\t\t\t\t\t\t\t if ($('#randomexu7hy3mihhi1uimipxu_port').find(filter_class).length) { \/\/ implies *not* zero\r\n\t\t\t\t\t\t\t\t$(this).parent('li').show();\r\n\t\t\t\t\t\t\t\t }else{\r\n\t\t\t\t\t\t\t\t$(this).parent('li').hide();\r\n\t\t\t\t\t\t\t\t }\r\n\r\n\r\n\r\n\t\t\t\t\t\t\t\t});\r\n\r\n                            $('#portfolio-tags').css('opacity','1');\r\n\t\t\t\t\t\t\t$('.zilla-likes').unbind().bind('click',\r\n    function() {\r\n        var link = j$(this);\r\n        if(link.hasClass('active')) return false;\r\n\r\n        var id = $(this).attr('id'),\r\n            postfix = link.find('.zilla-likes-postfix').text();\r\n\r\n        $.post(zilla_likes.ajaxurl, { action:'zilla-likes', likes_id:id, postfix:postfix }, function(data){\r\n            link.html(data).addClass('active').attr('title','You already like this');\r\n        });\r\n\r\n        return false;\r\n    });\r\n\r\nif( $('body.ajax-zilla-likes').length ) {\r\n    $('.zilla-likes').each(function(){\r\n        var id = $(this).attr('id');\r\n        $(this).load(zilla_likes.ajaxurl, { action:'zilla-likes', post_id:id });\r\n    });\r\n}\r\n\r\n                            $('a.prettyPhoto').prettyPhoto();\r\n\r\n\t\t\t\t\t$(window).trigger('resize');\r\n\r\n\r\n\r\n\t\t\t\t\t\t\t$(\".refresh_icn\").removeClass(\"fa-spin\");\r\n\r\n\t\t\t\t\t\t\t$(\".refresh_icn\").removeClass(\"fa-refresh\");\r\n\r\n\t\t\t\t\t\t\t$(\"#randomexu7hy3mihhi1uimipxu_port .portfolio_block\").isotope('layout');\r\n\r\n\t\t\t\t\t\t\t$(\".refresh_icn\").addClass(\"fa-plus\");\r\n\r\n\r\n\r\n                        }\r\n\r\n\r\n\r\n                    });\r\n\r\n                }\r\n\r\n\r\n\r\n                $(\"#randomexu7hy3mihhi1uimipxu_port .get_portfolio_works_btn\").click(function(){\r\n\r\n\t\t\t\t\t$(\".refresh_icn\").removeClass(\"fa-plus\");\r\n\r\n\t\t\t\t\t$(\".refresh_icn\").addClass(\"fa-refresh\");\r\n\r\n                    $(\".refresh_icn\").addClass(\"fa-spin\");\r\n\r\n\t\t\t\t\tget_portfolio_works();\r\n\r\n\r\n\t\t\t\t\t$(window).trigger('resize');\r\n\t\t\t\t\t$(\"#randomexu7hy3mihhi1uimipxu_port .portfolio_block\").isotope('layout');\r\n\r\n\t\t\t\t\treturn false;\r\n\r\n\r\n\r\n                });\r\n\r\n               \/* load at start *\/\r\n                $(window).load(function(){\r\n                    get_portfolio_works();\r\n\r\n\r\n\t\t\t\t\t$(window).trigger('resize');\r\n\t\t\t\t\t$(\"#randomexu7hy3mihhi1uimipxu_port .portfolio_block\").isotope('layout');\r\n\r\n\t$(\"#randomexu7hy3mihhi1uimipxu_port .optionset li a\").each(function() {\r\n\r\n\t\t\t\t\t\t\t\tvar filter_class = $(this).attr('data-option-value');\r\n\t\t\t\t\t\t\t\t if ($('#randomexu7hy3mihhi1uimipxu_port').find(filter_class).length){ \/\/ implies *not* zero\r\n\t\t\t\t\t\t\t\t$(this).parent('li').show();\r\n\t\t\t\t\t\t\t\t }else{\r\n\t\t\t\t\t\t\t\t$(this).parent('li').hide();\r\n\t\t\t\t\t\t\t\t }\r\n\r\n\r\n\t\t\t\t\t\t\t\t});\r\n\r\n                            $('#portfolio-tags').css('opacity','1');\r\nfunction watchport() {\r\n\r\n$(\"#randomexu7hy3mihhi1uimipxu_port .portfolio_block\").isotope('layout');\r\n\t\t\t\r\n}\r\n\r\nsetInterval(watchport, 100);\r\n\r\n\r\n\r\n                });\r\n\r\n                });\r\n            <\/script>\r\n  \n\t\t<\/div> <\/div>\n\t<\/div> \n<\/div>\n<\/div>","protected":false},"excerpt":{"rendered":"<p>PORTFOLIO CADA DISE\u00d1O, UNA PRUEBA DE LA PLANIFICACI\u00d3N MET\u00d3DICA GARANTIZADA PORTFOLIO CADA DISE\u00d1O, UNA PRUEBA DE LA PLANIFICACI\u00d3N MET\u00d3DICA GARANTIZADA All Animaci\u00f3n Carteler\u00eda Dise\u00f1o Web Editorial Gr\u00e1fica Vehicular Identidad visual Logotipos Packaging Papeler\u00eda Redes sociales Videos Load More Load More<\/p>","protected":false},"author":1,"featured_media":0,"parent":0,"menu_order":0,"comment_status":"closed","ping_status":"closed","template":"","meta":{"footnotes":""},"class_list":["post-7363","page","type-page","status-publish","hentry"],"_links":{"self":[{"href":"https:\/\/laurasoleapoloni.tk\/en\/wp-json\/wp\/v2\/pages\/7363","targetHints":{"allow":["GET"]}}],"collection":[{"href":"https:\/\/laurasoleapoloni.tk\/en\/wp-json\/wp\/v2\/pages"}],"about":[{"href":"https:\/\/laurasoleapoloni.tk\/en\/wp-json\/wp\/v2\/types\/page"}],"author":[{"embeddable":true,"href":"https:\/\/laurasoleapoloni.tk\/en\/wp-json\/wp\/v2\/users\/1"}],"replies":[{"embeddable":true,"href":"https:\/\/laurasoleapoloni.tk\/en\/wp-json\/wp\/v2\/comments?post=7363"}],"version-history":[{"count":53,"href":"https:\/\/laurasoleapoloni.tk\/en\/wp-json\/wp\/v2\/pages\/7363\/revisions"}],"predecessor-version":[{"id":9166,"href":"https:\/\/laurasoleapoloni.tk\/en\/wp-json\/wp\/v2\/pages\/7363\/revisions\/9166"}],"wp:attachment":[{"href":"https:\/\/laurasoleapoloni.tk\/en\/wp-json\/wp\/v2\/media?parent=7363"}],"curies":[{"name":"wp","href":"https:\/\/api.w.org\/{rel}","templated":true}]}}